{"id":233,"date":"2024-03-20T19:38:52","date_gmt":"2024-03-20T18:38:52","guid":{"rendered":"https:\/\/roxrenov.com\/?page_id=233"},"modified":"2024-05-30T20:23:50","modified_gmt":"2024-05-30T18:23:50","slug":"a-propos-de-nous","status":"publish","type":"page","link":"https:\/\/roxrenov.com\/index.php\/a-propos-de-nous\/","title":{"rendered":"\u00c0 propos de nous"},"content":{"rendered":"\t\t<div data-elementor-type=\"wp-page\" data-elementor-id=\"233\" class=\"elementor elementor-233\" data-elementor-post-type=\"page\">\n\t\t\t\t<div class=\"elementor-element elementor-element-1685636 e-flex e-con-boxed e-con e-parent\" data-id=\"1685636\" data-element_type=\"container\" data-e-type=\"container\">\n\t\t\t\t\t<div class=\"e-con-inner\">\n\t\t\t\t<div class=\"elementor-element elementor-element-c841669 elementor-widget elementor-widget-spacer\" data-id=\"c841669\" data-element_type=\"widget\" data-e-type=\"widget\" data-widget_type=\"spacer.default\">\n\t\t\t\t<div class=\"elementor-widget-container\">\n\t\t\t\t\t\t\t<div class=\"elementor-spacer\">\n\t\t\t<div class=\"elementor-spacer-inner\"><\/div>\n\t\t<\/div>\n\t\t\t\t\t\t<\/div>\n\t\t\t\t<\/div>\n\t\t\t\t\t<\/div>\n\t\t\t\t<\/div>\n\t\t<div class=\"elementor-element elementor-element-92eb850 e-flex e-con-boxed e-con e-parent\" data-id=\"92eb850\" data-element_type=\"container\" data-e-type=\"container\">\n\t\t\t\t\t<div class=\"e-con-inner\">\n\t\t<div class=\"elementor-element elementor-element-5334d8f e-con-full e-flex e-con e-child\" data-id=\"5334d8f\" data-element_type=\"container\" data-e-type=\"container\">\n\t\t<div class=\"elementor-element elementor-element-9e54f7a e-con-full e-flex e-con e-child\" data-id=\"9e54f7a\" data-element_type=\"container\" data-e-type=\"container\">\n\t\t\t\t<div class=\"elementor-element elementor-element-78bf2c0 elementor-widget-mobile__width-initial elementor-widget elementor-widget-heading\" data-id=\"78bf2c0\" data-element_type=\"widget\" data-e-type=\"widget\" data-widget_type=\"heading.default\">\n\t\t\t\t<div class=\"elementor-widget-container\">\n\t\t\t\t\t<h1 class=\"elementor-heading-title elementor-size-default\">ROXRENOV<\/h1>\t\t\t\t<\/div>\n\t\t\t\t<\/div>\n\t\t\t\t<div class=\"elementor-element elementor-element-768e99d elementor-widget elementor-widget-text-editor\" data-id=\"768e99d\" data-element_type=\"widget\" data-e-type=\"widget\" data-widget_type=\"text-editor.default\">\n\t\t\t\t<div class=\"elementor-widget-container\">\n\t\t\t\t\t\t\t\t\t<p><strong><span style=\"letter-spacing: 0px; word-spacing: 0em;\">Votre entreprise de peinture fiable &amp; <\/span>Professionnelle<\/strong><\/p>\t\t\t\t\t\t\t\t<\/div>\n\t\t\t\t<\/div>\n\t\t\t\t<div class=\"elementor-element elementor-element-e262ec0 elementor-widget elementor-widget-text-editor\" data-id=\"e262ec0\" data-element_type=\"widget\" data-e-type=\"widget\" data-widget_type=\"text-editor.default\">\n\t\t\t\t<div class=\"elementor-widget-container\">\n\t\t\t\t\t\t\t\t\t<p><span style=\"color: #ec008c;\"><strong>Roxrenov<\/strong><\/span> est une entreprise de<span style=\"color: #ec008c;\"><b> r\u00e9novation <\/b><\/span>bas\u00e9e \u00e0 Montmartre Paris 18\u00e8me , sp\u00e9cialis\u00e9e dans la <span style=\"color: #ec008c;\"><b>peinture<\/b><\/span> et la <b><span style=\"color: #ec008c;\">d\u00e9coration.<\/span><\/b><b><span style=\"color: #ec008c;\">\u00a0<\/span><\/b><\/p><p>Avec plus de 30 ans d\u2019exp\u00e9rience, nous vous apporterons notre savoir faire et nos conseils pour vos projets de<span style=\"color: #ec008c;\"><b> travaux de peinture, r\u00e9novation, d\u00e9coration, expertise de d\u00e9g\u00e2t des eaux , pose de rev\u00eatement sol et mur, ou encore fresque murale personnalis\u00e9e\u2026\u00a0<\/b><\/span><\/p><p>Contrairement \u00e0 beaucoup d\u2019entreprises qui prennent plusieurs chantiers en m\u00e8me temps et n\u00e9gligent les travaux, Roxrenov ne prend qu\u2019un chantier \u00e0 la fois, pour un<span style=\"color: #ec008c;\"> <b>r\u00e9el accompagnement, <\/b><\/span>sur toute la dur\u00e9e du chantier par notre artisan qualifi\u00e9, qui sera r\u00e9pondre \u00e0 vos questions et vous conseiller au mieux selon votre projet. Toujours \u00e0 l\u2019\u00e9coute , nous prenons le temps qu\u2019il faut, pour nos clients.<\/p><p>Nous gardons un contact proche, pour un<span style=\"color: #ec008c;\"> <b>suivi de chantier,\u00a0 <\/b><\/span>car notre satisfaction, c\u2019est la confiance de nos clients.<\/p><p><strong><span style=\"color: #ec008c;\">Roxrenov<\/span> <\/strong>est en collaboration avec un <span style=\"color: #ec008c;\"><b>plombier, un \u00e9lectricien <\/b><\/span>et<span style=\"color: #ec008c;\"><b> une artiste <\/b><\/span> pour r\u00e9pondre au mieux aux besoins de votre projet. Nous ne travaillons qu\u2019avec des partenaires de confiance, qualifi\u00e9s et professionnels.<\/p>\t\t\t\t\t\t\t\t<\/div>\n\t\t\t\t<\/div>\n\t\t\t\t<\/div>\n\t\t\t\t<div class=\"elementor-element elementor-element-1ef4058 elementor-align-left elementor-mobile-align-center elementor-invisible elementor-widget elementor-widget-button\" data-id=\"1ef4058\" data-element_type=\"widget\" data-e-type=\"widget\" data-settings=\"{&quot;_animation&quot;:&quot;fadeInRight&quot;}\" data-widget_type=\"button.default\">\n\t\t\t\t<div class=\"elementor-widget-container\">\n\t\t\t\t\t\t\t\t\t<div class=\"elementor-button-wrapper\">\n\t\t\t\t\t<a class=\"elementor-button elementor-button-link elementor-size-lg\" href=\"https:\/\/roxrenov.com\/index.php\/contact\/\">\n\t\t\t\t\t\t<span class=\"elementor-button-content-wrapper\">\n\t\t\t\t\t\t\t\t\t<span class=\"elementor-button-text\">Contactez-nous<\/span>\n\t\t\t\t\t<\/span>\n\t\t\t\t\t<\/a>\n\t\t\t\t<\/div>\n\t\t\t\t\t\t\t\t<\/div>\n\t\t\t\t<\/div>\n\t\t\t\t<\/div>\n\t\t<div class=\"elementor-element elementor-element-ab4e24d e-con-full e-flex e-con e-child\" data-id=\"ab4e24d\" data-element_type=\"container\" data-e-type=\"container\" data-settings=\"{&quot;background_background&quot;:&quot;classic&quot;}\">\n\t\t\t\t<\/div>\n\t\t\t\t\t<\/div>\n\t\t\t\t<\/div>\n\t\t<div class=\"elementor-element elementor-element-2eebfe9 e-flex e-con-boxed e-con e-parent\" data-id=\"2eebfe9\" data-element_type=\"container\" data-e-type=\"container\">\n\t\t\t\t\t<div class=\"e-con-inner\">\n\t\t\t\t<div class=\"elementor-element elementor-element-a30fd6f elementor-widget-divider--view-line elementor-widget elementor-widget-divider\" data-id=\"a30fd6f\" data-element_type=\"widget\" data-e-type=\"widget\" data-widget_type=\"divider.default\">\n\t\t\t\t<div class=\"elementor-widget-container\">\n\t\t\t\t\t\t\t<div class=\"elementor-divider\">\n\t\t\t<span class=\"elementor-divider-separator\">\n\t\t\t\t\t\t<\/span>\n\t\t<\/div>\n\t\t\t\t\t\t<\/div>\n\t\t\t\t<\/div>\n\t\t\t\t\t<\/div>\n\t\t\t\t<\/div>\n\t\t<div class=\"elementor-element elementor-element-9c079c0 e-flex e-con-boxed e-con e-parent\" data-id=\"9c079c0\" data-element_type=\"container\" data-e-type=\"container\">\n\t\t\t\t\t<div class=\"e-con-inner\">\n\t\t<div class=\"elementor-element elementor-element-6928e57 e-con-full e-flex e-con e-child\" data-id=\"6928e57\" data-element_type=\"container\" data-e-type=\"container\">\n\t\t\t\t<div class=\"elementor-element elementor-element-d23c00e elementor-widget elementor-widget-image\" data-id=\"d23c00e\" data-element_type=\"widget\" data-e-type=\"widget\" data-widget_type=\"image.default\">\n\t\t\t\t<div class=\"elementor-widget-container\">\n\t\t\t\t\t\t\t\t\t\t\t\t\t\t\t<img fetchpriority=\"high\" decoding=\"async\" width=\"800\" height=\"600\" src=\"https:\/\/roxrenov.com\/wp-content\/uploads\/2024\/03\/nos-valeurs_-1024x768.png\" class=\"attachment-large size-large wp-image-585\" alt=\"\" srcset=\"https:\/\/roxrenov.com\/wp-content\/uploads\/2024\/03\/nos-valeurs_-1024x768.png 1024w, https:\/\/roxrenov.com\/wp-content\/uploads\/2024\/03\/nos-valeurs_-300x225.png 300w, https:\/\/roxrenov.com\/wp-content\/uploads\/2024\/03\/nos-valeurs_-768x576.png 768w, https:\/\/roxrenov.com\/wp-content\/uploads\/2024\/03\/nos-valeurs_-1536x1152.png 1536w, https:\/\/roxrenov.com\/wp-content\/uploads\/2024\/03\/nos-valeurs_-2048x1536.png 2048w\" sizes=\"(max-width: 800px) 100vw, 800px\" \/>\t\t\t\t\t\t\t\t\t\t\t\t\t\t\t<\/div>\n\t\t\t\t<\/div>\n\t\t\t\t<\/div>\n\t\t\t\t<div class=\"elementor-element elementor-element-c9cf3be elementor-widget elementor-widget-spacer\" data-id=\"c9cf3be\" data-element_type=\"widget\" data-e-type=\"widget\" data-widget_type=\"spacer.default\">\n\t\t\t\t<div class=\"elementor-widget-container\">\n\t\t\t\t\t\t\t<div class=\"elementor-spacer\">\n\t\t\t<div class=\"elementor-spacer-inner\"><\/div>\n\t\t<\/div>\n\t\t\t\t\t\t<\/div>\n\t\t\t\t<\/div>\n\t\t<div class=\"elementor-element elementor-element-f2f0940 e-con-full e-flex e-con e-child\" data-id=\"f2f0940\" data-element_type=\"container\" data-e-type=\"container\">\n\t\t<div class=\"elementor-element elementor-element-4327a43 e-con-full e-flex e-con e-child\" data-id=\"4327a43\" data-element_type=\"container\" data-e-type=\"container\">\n\t\t\t\t<div class=\"elementor-element elementor-element-0f324b8 elementor-invisible elementor-widget elementor-widget-heading\" data-id=\"0f324b8\" data-element_type=\"widget\" data-e-type=\"widget\" data-settings=\"{&quot;_animation&quot;:&quot;fadeIn&quot;}\" data-widget_type=\"heading.default\">\n\t\t\t\t<div class=\"elementor-widget-container\">\n\t\t\t\t\t<h2 class=\"elementor-heading-title elementor-size-default\">Artisan Peintre<\/h2>\t\t\t\t<\/div>\n\t\t\t\t<\/div>\n\t\t\t\t<div class=\"elementor-element elementor-element-a342afd elementor-widget elementor-widget-text-editor\" data-id=\"a342afd\" data-element_type=\"widget\" data-e-type=\"widget\" data-widget_type=\"text-editor.default\">\n\t\t\t\t<div class=\"elementor-widget-container\">\n\t\t\t\t\t\t\t\t\t<p class=\"p1\">\u00ab&nbsp;Je suis Christophe Loiseau, Artisan Peintre D\u00e9corateur<\/p>\n<p class=\"p1\">dans le<b><span style=\"color: #ec008c;\"> b\u00e2timent<\/span><span class=\"Apple-converted-space\"><span style=\"color: #ec008c;\">&nbsp;<\/span> <\/span><\/b>avec une exp\u00e9rience de plus de 30 ans.<\/p>\n<p class=\"p1\">J\u2019ai cr\u00e9\u00e9 <strong><span style=\"color: #ec008c;\">Roxrenov<\/span><\/strong> en 2010, pour vous accompagner au mieux dans vos projets de travaux et \u00eatre votre artisan de confiance de quartier, Montmartre.<\/p>\n<p class=\"p1\">D\u00e9sormais j\u2019interviens dans tout Paris et m\u00eame au del\u00e0, pour r\u00e9pondre \u00e0 vos demandes.<\/p>\n<p class=\"p1\"><span style=\"color: #ec008c;\"><b>Aucune sous traitance<\/b><\/span>, je r\u00e9aliserai vos travaux du d\u00e9but \u00e0 la fin. Il est tr\u00e8s important pour moi que Roxrenov repr\u00e9sente nos valeurs qui sont:<span style=\"color: #ec008c;\"><b> la confiance, la qualit\u00e9, le professionnalisme.&nbsp;<\/b><\/span><\/p>\n<p class=\"p1\">Passionn\u00e9 par mon m\u00e9tier, avec l\u2019amour du travail bien fait ,<\/p>\n<p class=\"p1\">Je met un point d\u2019honneur \u00e0 apporter \u00e0 mes clients une enti\u00e8re satisfaction, <span style=\"color: #ec008c;\"><b>un travail de qualit\u00e9<\/b><\/span>, des finitions soign\u00e9es pour la protection optimale de votre int\u00e9rieur.&nbsp;\u00bb<\/p>\t\t\t\t\t\t\t\t<\/div>\n\t\t\t\t<\/div>\n\t\t\t\t<\/div>\n\t\t\t\t<\/div>\n\t\t\t\t\t<\/div>\n\t\t\t\t<\/div>\n\t\t<div class=\"elementor-element elementor-element-e305dcd e-flex e-con-boxed e-con e-parent\" data-id=\"e305dcd\" data-element_type=\"container\" data-e-type=\"container\">\n\t\t\t\t\t<div class=\"e-con-inner\">\n\t\t\t\t<div class=\"elementor-element elementor-element-b47e8f5 elementor-widget elementor-widget-spacer\" data-id=\"b47e8f5\" data-element_type=\"widget\" data-e-type=\"widget\" data-widget_type=\"spacer.default\">\n\t\t\t\t<div class=\"elementor-widget-container\">\n\t\t\t\t\t\t\t<div class=\"elementor-spacer\">\n\t\t\t<div class=\"elementor-spacer-inner\"><\/div>\n\t\t<\/div>\n\t\t\t\t\t\t<\/div>\n\t\t\t\t<\/div>\n\t\t\t\t\t<\/div>\n\t\t\t\t<\/div>\n\t\t<div class=\"elementor-element elementor-element-39c44009 e-con-full e-flex e-con e-parent\" data-id=\"39c44009\" data-element_type=\"container\" data-e-type=\"container\" data-settings=\"{&quot;background_background&quot;:&quot;classic&quot;}\">\n\t\t\t\t<div class=\"elementor-element elementor-element-1817b56a elementor-widget elementor-widget-heading\" data-id=\"1817b56a\" data-element_type=\"widget\" data-e-type=\"widget\" data-widget_type=\"heading.default\">\n\t\t\t\t<div class=\"elementor-widget-container\">\n\t\t\t\t\t<h2 class=\"elementor-heading-title elementor-size-default\">Faites confiance \u00e0 notre artisan ! <\/h2>\t\t\t\t<\/div>\n\t\t\t\t<\/div>\n\t\t\t\t<div class=\"elementor-element elementor-element-5aab5a46 elementor-widget elementor-widget-heading\" data-id=\"5aab5a46\" data-element_type=\"widget\" data-e-type=\"widget\" data-widget_type=\"heading.default\">\n\t\t\t\t<div class=\"elementor-widget-container\">\n\t\t\t\t\t<h2 class=\"elementor-heading-title elementor-size-default\">Envie d'un nouveau projet ?<\/h2>\t\t\t\t<\/div>\n\t\t\t\t<\/div>\n\t\t\t\t<div class=\"elementor-element elementor-element-441b4e0e elementor-align-center elementor-invisible elementor-widget elementor-widget-button\" data-id=\"441b4e0e\" data-element_type=\"widget\" data-e-type=\"widget\" data-settings=\"{&quot;_animation&quot;:&quot;fadeInRight&quot;}\" data-widget_type=\"button.default\">\n\t\t\t\t<div class=\"elementor-widget-container\">\n\t\t\t\t\t\t\t\t\t<div class=\"elementor-button-wrapper\">\n\t\t\t\t\t<a class=\"elementor-button elementor-button-link elementor-size-lg\" href=\"https:\/\/roxrenov.com\/index.php\/contact\/\">\n\t\t\t\t\t\t<span class=\"elementor-button-content-wrapper\">\n\t\t\t\t\t\t\t\t\t<span class=\"elementor-button-text\">Contactez-nous<\/span>\n\t\t\t\t\t<\/span>\n\t\t\t\t\t<\/a>\n\t\t\t\t<\/div>\n\t\t\t\t\t\t\t\t<\/div>\n\t\t\t\t<\/div>\n\t\t\t\t<\/div>\n\t\t\t\t<\/div>\n\t\t","protected":false},"excerpt":{"rendered":"<p>ROXRENOV Votre entreprise de peinture fiable &amp; Professionnelle Roxrenov est une entreprise de r\u00e9novation bas\u00e9e \u00e0 Montmartre Paris 18\u00e8me , sp\u00e9cialis\u00e9e dans la peinture et la d\u00e9coration.\u00a0 Avec plus de 30 ans d\u2019exp\u00e9rience, nous vous apporterons notre savoir faire et nos conseils pour vos projets de travaux de peinture, r\u00e9novation, d\u00e9coration, expertise de d\u00e9g\u00e2t des [&hellip;]<\/p>\n","protected":false},"author":1,"featured_media":0,"parent":0,"menu_order":0,"comment_status":"closed","ping_status":"closed","template":"elementor_canvas","meta":{"footnotes":""},"class_list":["post-233","page","type-page","status-publish","hentry"],"yoast_head":"<!-- This site is optimized with the Yoast SEO plugin v27.4 - https:\/\/yoast.com\/product\/yoast-seo-wordpress\/ -->\n<title>\u00c0 propos de nous - Roxrenov<\/title>\n<meta name=\"robots\" content=\"index, follow, max-snippet:-1, max-image-preview:large, max-video-preview:-1\" \/>\n<link rel=\"canonical\" href=\"https:\/\/roxrenov.com\/index.php\/a-propos-de-nous\/\" \/>\n<meta property=\"og:locale\" content=\"fr_FR\" \/>\n<meta property=\"og:type\" content=\"article\" \/>\n<meta property=\"og:title\" content=\"\u00c0 propos de nous - Roxrenov\" \/>\n<meta property=\"og:description\" content=\"ROXRENOV Votre entreprise de peinture fiable &amp; Professionnelle Roxrenov est une entreprise de r\u00e9novation bas\u00e9e \u00e0 Montmartre Paris 18\u00e8me , sp\u00e9cialis\u00e9e dans la peinture et la d\u00e9coration.\u00a0 Avec plus de 30 ans d\u2019exp\u00e9rience, nous vous apporterons notre savoir faire et nos conseils pour vos projets de travaux de peinture, r\u00e9novation, d\u00e9coration, expertise de d\u00e9g\u00e2t des [&hellip;]\" \/>\n<meta property=\"og:url\" content=\"https:\/\/roxrenov.com\/index.php\/a-propos-de-nous\/\" \/>\n<meta property=\"og:site_name\" content=\"Roxrenov\" \/>\n<meta property=\"article:publisher\" content=\"https:\/\/www.facebook.com\/www.roxrenov18.fr\/\" \/>\n<meta property=\"article:modified_time\" content=\"2024-05-30T18:23:50+00:00\" \/>\n<meta property=\"og:image\" content=\"https:\/\/roxrenov.com\/wp-content\/uploads\/2024\/03\/nos-valeurs_-1024x768.png\" \/>\n<meta name=\"twitter:card\" content=\"summary_large_image\" \/>\n<meta name=\"twitter:label1\" content=\"Dur\u00e9e de lecture estim\u00e9e\" \/>\n\t<meta name=\"twitter:data1\" content=\"2 minutes\" \/>\n<script type=\"application\/ld+json\" class=\"yoast-schema-graph\">{\"@context\":\"https:\\\/\\\/schema.org\",\"@graph\":[{\"@type\":\"WebPage\",\"@id\":\"https:\\\/\\\/roxrenov.com\\\/index.php\\\/a-propos-de-nous\\\/\",\"url\":\"https:\\\/\\\/roxrenov.com\\\/index.php\\\/a-propos-de-nous\\\/\",\"name\":\"\u00c0 propos de nous - Roxrenov\",\"isPartOf\":{\"@id\":\"https:\\\/\\\/roxrenov.com\\\/#website\"},\"primaryImageOfPage\":{\"@id\":\"https:\\\/\\\/roxrenov.com\\\/index.php\\\/a-propos-de-nous\\\/#primaryimage\"},\"image\":{\"@id\":\"https:\\\/\\\/roxrenov.com\\\/index.php\\\/a-propos-de-nous\\\/#primaryimage\"},\"thumbnailUrl\":\"https:\\\/\\\/roxrenov.com\\\/wp-content\\\/uploads\\\/2024\\\/03\\\/nos-valeurs_-1024x768.png\",\"datePublished\":\"2024-03-20T18:38:52+00:00\",\"dateModified\":\"2024-05-30T18:23:50+00:00\",\"breadcrumb\":{\"@id\":\"https:\\\/\\\/roxrenov.com\\\/index.php\\\/a-propos-de-nous\\\/#breadcrumb\"},\"inLanguage\":\"fr-FR\",\"potentialAction\":[{\"@type\":\"ReadAction\",\"target\":[\"https:\\\/\\\/roxrenov.com\\\/index.php\\\/a-propos-de-nous\\\/\"]}]},{\"@type\":\"ImageObject\",\"inLanguage\":\"fr-FR\",\"@id\":\"https:\\\/\\\/roxrenov.com\\\/index.php\\\/a-propos-de-nous\\\/#primaryimage\",\"url\":\"https:\\\/\\\/roxrenov.com\\\/wp-content\\\/uploads\\\/2024\\\/03\\\/nos-valeurs_.png\",\"contentUrl\":\"https:\\\/\\\/roxrenov.com\\\/wp-content\\\/uploads\\\/2024\\\/03\\\/nos-valeurs_.png\",\"width\":3264,\"height\":2448},{\"@type\":\"BreadcrumbList\",\"@id\":\"https:\\\/\\\/roxrenov.com\\\/index.php\\\/a-propos-de-nous\\\/#breadcrumb\",\"itemListElement\":[{\"@type\":\"ListItem\",\"position\":1,\"name\":\"Accueil\",\"item\":\"https:\\\/\\\/roxrenov.com\\\/\"},{\"@type\":\"ListItem\",\"position\":2,\"name\":\"\u00c0 propos de nous\"}]},{\"@type\":\"WebSite\",\"@id\":\"https:\\\/\\\/roxrenov.com\\\/#website\",\"url\":\"https:\\\/\\\/roxrenov.com\\\/\",\"name\":\"Roxrenov\",\"description\":\"Entreprise de r\u00e9novation\",\"publisher\":{\"@id\":\"https:\\\/\\\/roxrenov.com\\\/#organization\"},\"potentialAction\":[{\"@type\":\"SearchAction\",\"target\":{\"@type\":\"EntryPoint\",\"urlTemplate\":\"https:\\\/\\\/roxrenov.com\\\/?s={search_term_string}\"},\"query-input\":{\"@type\":\"PropertyValueSpecification\",\"valueRequired\":true,\"valueName\":\"search_term_string\"}}],\"inLanguage\":\"fr-FR\"},{\"@type\":\"Organization\",\"@id\":\"https:\\\/\\\/roxrenov.com\\\/#organization\",\"name\":\"Roxrenov\",\"url\":\"https:\\\/\\\/roxrenov.com\\\/\",\"logo\":{\"@type\":\"ImageObject\",\"inLanguage\":\"fr-FR\",\"@id\":\"https:\\\/\\\/roxrenov.com\\\/#\\\/schema\\\/logo\\\/image\\\/\",\"url\":\"https:\\\/\\\/roxrenov.com\\\/wp-content\\\/uploads\\\/2024\\\/03\\\/LOGO-horizontale-1-2.png\",\"contentUrl\":\"https:\\\/\\\/roxrenov.com\\\/wp-content\\\/uploads\\\/2024\\\/03\\\/LOGO-horizontale-1-2.png\",\"width\":6342,\"height\":1090,\"caption\":\"Roxrenov\"},\"image\":{\"@id\":\"https:\\\/\\\/roxrenov.com\\\/#\\\/schema\\\/logo\\\/image\\\/\"},\"sameAs\":[\"https:\\\/\\\/www.facebook.com\\\/www.roxrenov18.fr\\\/\",\"https:\\\/\\\/www.instagram.com\\\/roxrenov\\\/\",\"https:\\\/\\\/fr.linkedin.com\\\/in\\\/roxrenov-christophe-loiseau-a721322b9\"]}]}<\/script>\n<!-- \/ Yoast SEO plugin. -->","yoast_head_json":{"title":"\u00c0 propos de nous - Roxrenov","robots":{"index":"index","follow":"follow","max-snippet":"max-snippet:-1","max-image-preview":"max-image-preview:large","max-video-preview":"max-video-preview:-1"},"canonical":"https:\/\/roxrenov.com\/index.php\/a-propos-de-nous\/","og_locale":"fr_FR","og_type":"article","og_title":"\u00c0 propos de nous - Roxrenov","og_description":"ROXRENOV Votre entreprise de peinture fiable &amp; Professionnelle Roxrenov est une entreprise de r\u00e9novation bas\u00e9e \u00e0 Montmartre Paris 18\u00e8me , sp\u00e9cialis\u00e9e dans la peinture et la d\u00e9coration.\u00a0 Avec plus de 30 ans d\u2019exp\u00e9rience, nous vous apporterons notre savoir faire et nos conseils pour vos projets de travaux de peinture, r\u00e9novation, d\u00e9coration, expertise de d\u00e9g\u00e2t des [&hellip;]","og_url":"https:\/\/roxrenov.com\/index.php\/a-propos-de-nous\/","og_site_name":"Roxrenov","article_publisher":"https:\/\/www.facebook.com\/www.roxrenov18.fr\/","article_modified_time":"2024-05-30T18:23:50+00:00","og_image":[{"url":"https:\/\/roxrenov.com\/wp-content\/uploads\/2024\/03\/nos-valeurs_-1024x768.png","type":"","width":"","height":""}],"twitter_card":"summary_large_image","twitter_misc":{"Dur\u00e9e de lecture estim\u00e9e":"2 minutes"},"schema":{"@context":"https:\/\/schema.org","@graph":[{"@type":"WebPage","@id":"https:\/\/roxrenov.com\/index.php\/a-propos-de-nous\/","url":"https:\/\/roxrenov.com\/index.php\/a-propos-de-nous\/","name":"\u00c0 propos de nous - Roxrenov","isPartOf":{"@id":"https:\/\/roxrenov.com\/#website"},"primaryImageOfPage":{"@id":"https:\/\/roxrenov.com\/index.php\/a-propos-de-nous\/#primaryimage"},"image":{"@id":"https:\/\/roxrenov.com\/index.php\/a-propos-de-nous\/#primaryimage"},"thumbnailUrl":"https:\/\/roxrenov.com\/wp-content\/uploads\/2024\/03\/nos-valeurs_-1024x768.png","datePublished":"2024-03-20T18:38:52+00:00","dateModified":"2024-05-30T18:23:50+00:00","breadcrumb":{"@id":"https:\/\/roxrenov.com\/index.php\/a-propos-de-nous\/#breadcrumb"},"inLanguage":"fr-FR","potentialAction":[{"@type":"ReadAction","target":["https:\/\/roxrenov.com\/index.php\/a-propos-de-nous\/"]}]},{"@type":"ImageObject","inLanguage":"fr-FR","@id":"https:\/\/roxrenov.com\/index.php\/a-propos-de-nous\/#primaryimage","url":"https:\/\/roxrenov.com\/wp-content\/uploads\/2024\/03\/nos-valeurs_.png","contentUrl":"https:\/\/roxrenov.com\/wp-content\/uploads\/2024\/03\/nos-valeurs_.png","width":3264,"height":2448},{"@type":"BreadcrumbList","@id":"https:\/\/roxrenov.com\/index.php\/a-propos-de-nous\/#breadcrumb","itemListElement":[{"@type":"ListItem","position":1,"name":"Accueil","item":"https:\/\/roxrenov.com\/"},{"@type":"ListItem","position":2,"name":"\u00c0 propos de nous"}]},{"@type":"WebSite","@id":"https:\/\/roxrenov.com\/#website","url":"https:\/\/roxrenov.com\/","name":"Roxrenov","description":"Entreprise de r\u00e9novation","publisher":{"@id":"https:\/\/roxrenov.com\/#organization"},"potentialAction":[{"@type":"SearchAction","target":{"@type":"EntryPoint","urlTemplate":"https:\/\/roxrenov.com\/?s={search_term_string}"},"query-input":{"@type":"PropertyValueSpecification","valueRequired":true,"valueName":"search_term_string"}}],"inLanguage":"fr-FR"},{"@type":"Organization","@id":"https:\/\/roxrenov.com\/#organization","name":"Roxrenov","url":"https:\/\/roxrenov.com\/","logo":{"@type":"ImageObject","inLanguage":"fr-FR","@id":"https:\/\/roxrenov.com\/#\/schema\/logo\/image\/","url":"https:\/\/roxrenov.com\/wp-content\/uploads\/2024\/03\/LOGO-horizontale-1-2.png","contentUrl":"https:\/\/roxrenov.com\/wp-content\/uploads\/2024\/03\/LOGO-horizontale-1-2.png","width":6342,"height":1090,"caption":"Roxrenov"},"image":{"@id":"https:\/\/roxrenov.com\/#\/schema\/logo\/image\/"},"sameAs":["https:\/\/www.facebook.com\/www.roxrenov18.fr\/","https:\/\/www.instagram.com\/roxrenov\/","https:\/\/fr.linkedin.com\/in\/roxrenov-christophe-loiseau-a721322b9"]}]}},"_links":{"self":[{"href":"https:\/\/roxrenov.com\/index.php\/wp-json\/wp\/v2\/pages\/233","targetHints":{"allow":["GET"]}}],"collection":[{"href":"https:\/\/roxrenov.com\/index.php\/wp-json\/wp\/v2\/pages"}],"about":[{"href":"https:\/\/roxrenov.com\/index.php\/wp-json\/wp\/v2\/types\/page"}],"author":[{"embeddable":true,"href":"https:\/\/roxrenov.com\/index.php\/wp-json\/wp\/v2\/users\/1"}],"replies":[{"embeddable":true,"href":"https:\/\/roxrenov.com\/index.php\/wp-json\/wp\/v2\/comments?post=233"}],"version-history":[{"count":341,"href":"https:\/\/roxrenov.com\/index.php\/wp-json\/wp\/v2\/pages\/233\/revisions"}],"predecessor-version":[{"id":2667,"href":"https:\/\/roxrenov.com\/index.php\/wp-json\/wp\/v2\/pages\/233\/revisions\/2667"}],"wp:attachment":[{"href":"https:\/\/roxrenov.com\/index.php\/wp-json\/wp\/v2\/media?parent=233"}],"curies":[{"name":"wp","href":"https:\/\/api.w.org\/{rel}","templated":true}]}}